{"id":367,"date":"2018-03-22T08:52:58","date_gmt":"2018-03-22T07:52:58","guid":{"rendered":"http:\/\/boegerschrauben.de\/?page_id=367"},"modified":"2018-12-17T17:46:15","modified_gmt":"2018-12-17T16:46:15","slug":"services","status":"publish","type":"page","link":"http:\/\/boegerschrauben.de\/en\/services\/","title":{"rendered":"services"},"content":{"rendered":"<div  class=\"tatsu-fonhyno6p6fwakds tatsu-section    tatsu-clearfix\" data-title=\"\"  data-headerscheme=\"background--dark\"><div class='tatsu-section-pad clearfix' data-padding='{\"d\":\"90px 0px 90px 0px\"}' data-padding-top='90px'><div class=\"tatsu-row-wrap  tatsu-wrap tatsu-row-one-col tatsu-row-has-one-cols tatsu-medium-gutter tatsu-reg-cols  tatsu-clearfix tatsu-fonhyno6qqojebp\" ><div  class=\"tatsu-row \" ><div  class=\"tatsu-column  tatsu-column-no-bg tatsu-one-col tatsu-column-image-none tatsu-column-effect-none  tatsu-fonhyno6rcd3xww8\" data-animation=\"fadeIn\"   data-parallax-speed=\"0\" style=\"\"><div class=\"tatsu-column-inner \" ><div class=\"tatsu-column-pad-wrap\"><div class=\"tatsu-column-pad\" ><div  class=\"tatsu-module tatsu-divider-wrap tatsu-animate tatsu-fonhyno6sd8aawpy   \"  ><style>.tatsu-fonhyno6sd8aawpy .tatsu-divider{height: 18px;width: 100%;background: rgba(102,255,0,1);}.tatsu-fonhyno6sd8aawpy.tatsu-divider-wrap{text-align: left;}<\/style><hr class=\"tatsu-divider\"\/><\/div><\/div><\/div><div class = \"tatsu-column-bg-image-wrap\"><div class = \"tatsu-column-bg-image\" ><\/div><\/div><\/div><style>.tatsu-row > .tatsu-fonhyno6rcd3xww8.tatsu-column{width: 100%;}.tatsu-fonhyno6rcd3xww8.tatsu-column > .tatsu-column-inner > .tatsu-column-overlay{mix-blend-mode: none;}.tatsu-fonhyno6rcd3xww8 > .tatsu-column-inner > .tatsu-top-divider{z-index: 9999;}.tatsu-fonhyno6rcd3xww8 > .tatsu-column-inner > .tatsu-bottom-divider{z-index: 9999;}.tatsu-fonhyno6rcd3xww8 > .tatsu-column-inner > .tatsu-left-divider{z-index: 9999;}.tatsu-fonhyno6rcd3xww8 > .tatsu-column-inner > .tatsu-right-divider{z-index: 9999;}.tatsu-fonhyno6rcd3xww8.tatsu-column{transform: translate3d(0px,0px, 0);}<\/style><\/div><\/div><\/div><\/div><div class=\"tatsu-section-background-wrap\"><div class = \"tatsu-section-background\" ><\/div><\/div><style>.tatsu-fonhyno6p6fwakds .tatsu-section-pad{padding: 90px 0px 90px 0px;}.tatsu-fonhyno6p6fwakds > .tatsu-bottom-divider{z-index: 9999;}.tatsu-fonhyno6p6fwakds > .tatsu-top-divider{z-index: 9999;}<\/style><\/div><div  class=\"tatsu-fon63y63f93ripad tatsu-section    tatsu-clearfix\" data-title=\"\"  data-headerscheme=\"background--dark\"><div class='tatsu-section-pad clearfix' data-padding='{\"d\":\"90px 0px 90px 0px\"}' data-padding-top='90px'><div class=\"tatsu-row-wrap  tatsu-wrap tatsu-row-one-col tatsu-row-has-one-cols tatsu-medium-gutter tatsu-reg-cols  tatsu-clearfix tatsu-fon63y63gl5zmahd\" ><div  class=\"tatsu-row \" ><div  class=\"tatsu-column  tatsu-column-no-bg tatsu-one-col tatsu-column-image-none tatsu-column-effect-none  tatsu-fon63y63h4bpn2ij\" data-animation=\"fadeIn\"   data-parallax-speed=\"0\" style=\"\"><div class=\"tatsu-column-inner \" ><div class=\"tatsu-column-pad-wrap\"><div class=\"tatsu-column-pad\" ><div  class = \"portfolio-all-wrap oshine-portfolio-module tatsu-fplniaqjo3bn8axu\"  > <div class=\"portfolio full-screen  full-screen-gutter masonry_disable style1-gutter three-col \"  data-action=\"get_ajax_full_screen_gutter_portfolio\" data-category=\"24-7-boeger-express-service,quality-control,material-control,competent-advice,electronic-marketplaces,links,c-parts-management\" data-aspect-ratio = \"1.6\" data-enable-masonry=\"0\" data-showposts=\"9\" data-paged=\"2\" data-col=\"three\" data-gallery=\"0\" data-filter=\"portfolio_categories\" data-meta_to_show=\"portfolio_categories\" data-show_filters=\"yes\" data-thumbnail-bg-color=\"\" data-thumbnail-bg-gradient=\"\" data-title-style=\"style1\" data-cat-color=\"\" data-title-color=\"\" data-hover-style=\"style1-hover\"  data-gutter-width=\"40\" data-img-grayscale=\"c_to_c\"\" data-gradient-style-color=\"\" data-cat-hide=\"0\" data-like-indicator=\"0\" style=\"margin-right: 40px;\"><div class=\"filters clearfix border align-center\" style=\"margin-left:40px;\"><div class=\"filter_item\"><span class=\"sort current_choice\" data-id=\"element\">All<\/span><\/div><div class=\"filter_item\"><span class=\"sort\" data-id=\"24-7-boeger-express-service\">24\/7 B\u00d6GER express service<\/span><\/div><div class=\"filter_item\"><span class=\"sort\" data-id=\"c-parts-management\">c-parts management<\/span><\/div><div class=\"filter_item\"><span class=\"sort\" data-id=\"competent-advice\">competent advice<\/span><\/div><div class=\"filter_item\"><span class=\"sort\" data-id=\"electronic-marketplaces\">electronic marketplaces<\/span><\/div><div class=\"filter_item\"><span class=\"sort\" data-id=\"links\">links<\/span><\/div><div class=\"filter_item\"><span class=\"sort\" data-id=\"material-control\">material control<\/span><\/div><div class=\"filter_item\"><span class=\"sort\" data-id=\"quality-control\">quality control<\/span><\/div><\/div><div class=\"portfolio-container clickable clearfix portfolio-shortcode  none \"><div class=\"element be-hoverlay not-wide no-wide-width-height style1-hover c_to_c style1-title\"style=\"margin-bottom: 40px;\" data-category-names = \"24-7-boeger-express-service \"><div class=\"element-inner\" style=\"margin-left: 40px;\"><a href=\"http:\/\/boegerschrauben.de\/en\/portfolio\/boeger-express-service-2\/\" class=\" thumb-wrap   \" data-gdpr-atts={} title=\"B\u00d6GER-Schnelldienst\" ><div class=\"flip-wrap\" ><div   style = \"padding-bottom : 62.5%;;\" class=\"flip-img-wrap\"><img decoding=\"async\" src=\"https:\/\/i0.wp.com\/boegerschrauben.de\/wp-content\/uploads\/2018\/03\/schnelldienst.png?resize=400%2C400\" alt=\"24\/7 B\u00d6GER-Schnelldienst\"\/><\/div><\/div><div class=\"thumb-overlay \"><div class=\"thumb-bg \" ><div class=\"thumb-title-wrap \"><div class=\"thumb-title animated animation-trigger\" data-animation-type=\"none\">B\u00d6GER Express Service<\/div><div class=\"portfolio-item-cats animated animation-trigger\" data-animation-type=\"none\"><span>24\/7 B\u00d6GER express service<\/span><\/div><\/div><\/div><\/div><\/a><div class=\"portfolio-like like-button-wrap\"><a href=\"#\" class=\"custom-like-button no-liked\" data-post-id=\"380\"><i class=\"font-icon icon-icon_heart\"><\/i><span>0<\/span><\/a><\/div><\/div><\/div><div class=\"element be-hoverlay not-wide no-wide-width-height style1-hover c_to_c style1-title\"style=\"margin-bottom: 40px;\" data-category-names = \"c-parts-management services \"><div class=\"element-inner\" style=\"margin-left: 40px;\"><a href=\"http:\/\/boegerschrauben.de\/en\/portfolio\/c-parts-management\/\" class=\" thumb-wrap   \" data-gdpr-atts={} title=\"kanban02\" ><div class=\"flip-wrap\" ><div   style = \"padding-bottom : 62.5%;;\" class=\"flip-img-wrap\"><img decoding=\"async\" src=\"https:\/\/i0.wp.com\/boegerschrauben.de\/wp-content\/uploads\/2018\/03\/kanban02.jpg?resize=300%2C205\" alt=\"B\u00d6GER C-Teile Management\"\/><\/div><\/div><div class=\"thumb-overlay \"><div class=\"thumb-bg \" ><div class=\"thumb-title-wrap \"><div class=\"thumb-title animated animation-trigger\" data-animation-type=\"none\">c-parts management<\/div><div class=\"portfolio-item-cats animated animation-trigger\" data-animation-type=\"none\"><span>c-parts management<\/span><span> &middot; <\/span><span>services<\/span><\/div><\/div><\/div><\/div><\/a><div class=\"portfolio-like like-button-wrap\"><a href=\"#\" class=\"custom-like-button no-liked\" data-post-id=\"378\"><i class=\"font-icon icon-icon_heart\"><\/i><span>0<\/span><\/a><\/div><\/div><\/div><div class=\"element be-hoverlay not-wide no-wide-width-height style1-hover c_to_c style1-title\"style=\"margin-bottom: 40px;\" data-category-names = \"electronic-marketplaces services \"><div class=\"element-inner\" style=\"margin-left: 40px;\"><a href=\"http:\/\/boegerschrauben.de\/en\/portfolio\/electronic-marketplaces\/\" class=\" thumb-wrap   \" data-gdpr-atts={} title=\"E-Marktplaetze\" ><div class=\"flip-wrap\" ><div   style = \"padding-bottom : 62.5%;;\" class=\"flip-img-wrap\"><img decoding=\"async\" src=\"https:\/\/i0.wp.com\/boegerschrauben.de\/wp-content\/uploads\/2018\/03\/emarktplaetze-1.png?resize=300%2C300\" alt=\"Elektronische Marktpl\u00e4tze\"\/><\/div><\/div><div class=\"thumb-overlay \"><div class=\"thumb-bg \" ><div class=\"thumb-title-wrap \"><div class=\"thumb-title animated animation-trigger\" data-animation-type=\"none\">electronic marketplaces<\/div><div class=\"portfolio-item-cats animated animation-trigger\" data-animation-type=\"none\"><span>electronic marketplaces<\/span><span> &middot; <\/span><span>services<\/span><\/div><\/div><\/div><\/div><\/a><div class=\"portfolio-like like-button-wrap\"><a href=\"#\" class=\"custom-like-button no-liked\" data-post-id=\"377\"><i class=\"font-icon icon-icon_heart\"><\/i><span>0<\/span><\/a><\/div><\/div><\/div><div class=\"element be-hoverlay not-wide no-wide-width-height style1-hover c_to_c style1-title\"style=\"margin-bottom: 40px;\" data-category-names = \"competent-advice services \"><div class=\"element-inner\" style=\"margin-left: 40px;\"><a href=\"http:\/\/boegerschrauben.de\/en\/portfolio\/competent-advice\/\" class=\" thumb-wrap   \" data-gdpr-atts={} title=\"office\" ><div class=\"flip-wrap\" ><div   style = \"padding-bottom : 62.5%;;\" class=\"flip-img-wrap\"><img decoding=\"async\" src=\"https:\/\/i0.wp.com\/boegerschrauben.de\/wp-content\/uploads\/2018\/03\/office.jpg?resize=650%2C406\" alt=\"B\u00d6GER Gro\u00dfraumb\u00fcro\"\/><\/div><\/div><div class=\"thumb-overlay \"><div class=\"thumb-bg \" ><div class=\"thumb-title-wrap \"><div class=\"thumb-title animated animation-trigger\" data-animation-type=\"none\">competent advice<\/div><div class=\"portfolio-item-cats animated animation-trigger\" data-animation-type=\"none\"><span>competent advice<\/span><span> &middot; <\/span><span>services<\/span><\/div><\/div><\/div><\/div><\/a><div class=\"portfolio-like like-button-wrap\"><a href=\"#\" class=\"custom-like-button no-liked\" data-post-id=\"375\"><i class=\"font-icon icon-icon_heart\"><\/i><span>0<\/span><\/a><\/div><\/div><\/div><div class=\"element be-hoverlay not-wide no-wide-width-height style1-hover c_to_c style1-title\"style=\"margin-bottom: 40px;\" data-category-names = \"material-control quality-control services \"><div class=\"element-inner\" style=\"margin-left: 40px;\"><a href=\"http:\/\/boegerschrauben.de\/en\/portfolio\/quality-control\/\" class=\" thumb-wrap   \" data-gdpr-atts={} title=\"Produktpruefung\" ><div class=\"flip-wrap\" ><div   style = \"padding-bottom : 62.5%;;\" class=\"flip-img-wrap\"><img decoding=\"async\" src=\"https:\/\/i0.wp.com\/boegerschrauben.de\/wp-content\/uploads\/2018\/03\/pruefungen2.jpg?resize=293%2C200\" alt=\"Produktpr\u00fcfung\"\/><\/div><\/div><div class=\"thumb-overlay \"><div class=\"thumb-bg \" ><div class=\"thumb-title-wrap \"><div class=\"thumb-title animated animation-trigger\" data-animation-type=\"none\">quality control<\/div><div class=\"portfolio-item-cats animated animation-trigger\" data-animation-type=\"none\"><span>material control<\/span><span> &middot; <\/span><span>quality control<\/span><span> &middot; <\/span><span>services<\/span><\/div><\/div><\/div><\/div><\/a><div class=\"portfolio-like like-button-wrap\"><a href=\"#\" class=\"custom-like-button no-liked\" data-post-id=\"374\"><i class=\"font-icon icon-icon_heart\"><\/i><span>0<\/span><\/a><\/div><\/div><\/div><div class=\"element be-hoverlay not-wide no-wide-width-height style1-hover c_to_c style1-title\"style=\"margin-bottom: 40px;\" data-category-names = \"links services \"><div class=\"element-inner\" style=\"margin-left: 40px;\"><a href=\"http:\/\/boegerschrauben.de\/en\/portfolio\/links\/\" class=\" thumb-wrap   \" data-gdpr-atts={} title=\"Linksammlung\" ><div class=\"flip-wrap\" ><div   style = \"padding-bottom : 62.5%;;\" class=\"flip-img-wrap\"><img decoding=\"async\" src=\"https:\/\/i0.wp.com\/boegerschrauben.de\/wp-content\/uploads\/2018\/03\/Links-1.png?resize=400%2C400\" alt=\"Linksammlung\"\/><\/div><\/div><div class=\"thumb-overlay \"><div class=\"thumb-bg \" ><div class=\"thumb-title-wrap \"><div class=\"thumb-title animated animation-trigger\" data-animation-type=\"none\">links<\/div><div class=\"portfolio-item-cats animated animation-trigger\" data-animation-type=\"none\"><span>links<\/span><span> &middot; <\/span><span>services<\/span><\/div><\/div><\/div><\/div><\/a><div class=\"portfolio-like like-button-wrap\"><a href=\"#\" class=\"custom-like-button no-liked\" data-post-id=\"372\"><i class=\"font-icon icon-icon_heart\"><\/i><span>0<\/span><\/a><\/div><\/div><\/div><\/div><\/div><\/div><\/div><\/div><div class = \"tatsu-column-bg-image-wrap\"><div class = \"tatsu-column-bg-image\" ><\/div><\/div><\/div><style>.tatsu-row > .tatsu-fon63y63h4bpn2ij.tatsu-column{width: 100%;}.tatsu-fon63y63h4bpn2ij.tatsu-column > .tatsu-column-inner > .tatsu-column-overlay{mix-blend-mode: none;}.tatsu-fon63y63h4bpn2ij > .tatsu-column-inner > .tatsu-top-divider{z-index: 9999;}.tatsu-fon63y63h4bpn2ij > .tatsu-column-inner > .tatsu-bottom-divider{z-index: 9999;}.tatsu-fon63y63h4bpn2ij > .tatsu-column-inner > .tatsu-left-divider{z-index: 9999;}.tatsu-fon63y63h4bpn2ij > .tatsu-column-inner > .tatsu-right-divider{z-index: 9999;}.tatsu-fon63y63h4bpn2ij.tatsu-column{transform: translate3d(0px,0px, 0);}<\/style><\/div><\/div><\/div><\/div><div class=\"tatsu-section-background-wrap\"><div class = \"tatsu-section-background\" ><\/div><\/div><style>.tatsu-fon63y63f93ripad .tatsu-section-pad{padding: 90px 0px 90px 0px;}.tatsu-fon63y63f93ripad > .tatsu-bottom-divider{z-index: 9999;}.tatsu-fon63y63f93ripad > .tatsu-top-divider{z-index: 9999;}<\/style><\/div>\n","protected":false},"excerpt":{"rendered":"<p><a href=\"http:\/\/boegerschrauben.de\/en\/portfolio\/links\/\" class=\"more-link style3-button\">Read More<\/a><\/p>","protected":false},"author":1,"featured_media":0,"parent":0,"menu_order":0,"comment_status":"closed","ping_status":"closed","template":"","meta":{"_uf_show_specific_survey":0,"_uf_disable_surveys":false,"jetpack_post_was_ever_published":false,"footnotes":""},"class_list":["post-367","page","type-page","status-publish","hentry"],"aioseo_notices":[],"jetpack_sharing_enabled":true,"jetpack_shortlink":"https:\/\/wp.me\/P9rpkm-5V","amp_enabled":true,"_links":{"self":[{"href":"http:\/\/boegerschrauben.de\/en\/wp-json\/wp\/v2\/pages\/367","targetHints":{"allow":["GET"]}}],"collection":[{"href":"http:\/\/boegerschrauben.de\/en\/wp-json\/wp\/v2\/pages"}],"about":[{"href":"http:\/\/boegerschrauben.de\/en\/wp-json\/wp\/v2\/types\/page"}],"author":[{"embeddable":true,"href":"http:\/\/boegerschrauben.de\/en\/wp-json\/wp\/v2\/users\/1"}],"replies":[{"embeddable":true,"href":"http:\/\/boegerschrauben.de\/en\/wp-json\/wp\/v2\/comments?post=367"}],"version-history":[{"count":0,"href":"http:\/\/boegerschrauben.de\/en\/wp-json\/wp\/v2\/pages\/367\/revisions"}],"wp:attachment":[{"href":"http:\/\/boegerschrauben.de\/en\/wp-json\/wp\/v2\/media?parent=367"}],"curies":[{"name":"wp","href":"https:\/\/api.w.org\/{rel}","templated":true}]}}